

{"id":10709,"date":"2014-11-19T15:14:03","date_gmt":"2014-11-19T15:14:03","guid":{"rendered":"https:\/\/theme-fusion.com\/avadaxml\/?page_id=10709"},"modified":"2021-07-30T17:04:18","modified_gmt":"2021-07-30T15:04:18","slug":"home-3","status":"publish","type":"page","link":"https:\/\/pharmaciedelaigle.fr\/","title":{"rendered":"Home"},"content":{"rendered":"<p><div class=\"fusion-fullwidth fullwidth-box fusion-builder-row-1 nonhundred-percent-fullwidth non-hundred-percent-height-scrolling\" style=\"background-color: rgba(255,255,255,0);background-position: left top;background-repeat: no-repeat;padding-top:0px;padding-right:0px;padding-bottom:0px;padding-left:0px;margin-bottom: 0px;margin-top: 0px;border-width: 0px 0px 0px 0px;border-color:#e5e4e4;border-style:solid;\" ><div class=\"fusion-builder-row fusion-row\"><div class=\"fusion-layout-column fusion_builder_column fusion-builder-column-0 fusion_builder_column_1_1 1_1 fusion-one-full fusion-column-first fusion-column-last fusion-column-no-min-height\" style=\"margin-top:0px;margin-bottom:0px;\"><div class=\"fusion-column-wrapper fusion-flex-column-wrapper-legacy\" style=\"background-position:left top;background-repeat:no-repeat;-webkit-background-size:cover;-moz-background-size:cover;-o-background-size:cover;background-size:cover;padding: 0px 0px 0px 0px;\"><div class=\"fusion-text fusion-text-1\" style=\"transform:translate3d(0,0,0);\"><h2 style=\"text-align: center;\"><strong>Nous ne r\u00e9alisons pas de tests de d\u00e9pistage COVID dans notre officine, <\/strong><br \/>\n<strong>nous vous invitons \u00e0 vous adresser aux centres de d\u00e9pistage sur Beaulieu sur Mer, Cap d&rsquo;Ail ou Nice<\/strong><\/h2>\n<\/div><div class=\"fusion-text fusion-text-2\" style=\"transform:translate3d(0,0,0);\"><h2 class=\"fusion-responsive-typography-calculated\" style=\"text-align: center; --fontsize: 18; line-height: 1.5; --minfontsize: 18;\" data-fontsize=\"18\" data-lineheight=\"27px\">A votre service du Lundi au Vendredi<br \/>\nde 8h30 \u00e0 12h30 et de 15h \u00e0 19h00<br \/>\net le samedi de 8h30 \u00e0 12h30<\/h2>\n<\/div><div class=\"fusion-clearfix\"><\/div><\/div><\/div><div class=\"fusion-layout-column fusion_builder_column fusion-builder-column-1 fusion_builder_column_1_1 1_1 fusion-one-full fusion-column-first fusion-column-last fusion-column-no-min-height\" style=\"margin-top:0px;margin-bottom:0px;\"><div class=\"fusion-column-wrapper fusion-flex-column-wrapper-legacy\" style=\"background-position:left top;background-repeat:no-repeat;-webkit-background-size:cover;-moz-background-size:cover;-o-background-size:cover;background-size:cover;padding: 0px 0px 0px 0px;\">\n        <div id=\"map_ol3js_1\"\n       class=\"osm-map-container undefined\"\n             data-map_name=\"undefined\"\n             data-map=\"map_ol3js_1\"\n             style=\"width:95%;\n                    max-width:100%;\n                    height:450px;\n                    display:block;\n                    overflow:hidden;\n                    border:thin solid;\">\n          <div id=\"map_ol3js_1_popup\" class=\"ol-popup\">\n            <a href=\"#\" id=\"map_ol3js_1_popup-closer\" class=\"ol-popup-closer\"><\/a>\n            <div id=\"map_ol3js_1_popup-content\"><\/div>\n          <\/div>\n        <\/div>\n    \n\n\t\t\t\t<script type=\"text\/javascript\">\n\t\t\t\t\ttranslations['openlayer'] = \"open layer\";\n\t\t\t\t\ttranslations['openlayerAtStartup'] = \"open layer at startup\";\n\t\t\t\t\ttranslations['generateLink'] = \"link to this map with opened layers\";\n\t\t\t\t\ttranslations['shortDescription'] = \"short description\";\n\t\t\t\t\ttranslations['generatedShortCode'] = \"to get a text control link paste this code in your wordpress editor\";\n\t\t\t\t\ttranslations['closeLayer'] = \"close layer\";\n\t\t\t\t\ttranslations['cantGenerateLink'] = \"put this string in the existing map short code to control this map\";\n\t\t\t  <\/script>\n\n\n\t\t\t  <script type=\"text\/javascript\">\n\t\t\t  vectorM['map_ol3js_1'] = [];\n\t        \n        var raster = getTileLayer(\"\",\"NoKey\");\t\t\t\n\n\t\t\t  var map_ol3js_1 = new ol.Map({\n\t\t\t\tinteractions: ol.interaction.defaults.defaults({mouseWheelZoom:false}),\n\t\t\t\tlayers: [raster],\n\t\t\t\ttarget: \"map_ol3js_1\",\n\t\t\t\tview: new ol.View({\n\t\t\t\t  center: ol.proj.transform([7.3622,43.7301], \"EPSG:4326\", \"EPSG:3857\"),\n\t\t\t\t  zoom: 19\n\t\t\t\t})\n\t\t\t  });\n\t\t\t  osm_addMarkerLayer(map_ol3js_1,7.3622,43.7301,\"https:\/\/pharmaciedelaigle.fr\/wp-content\/plugins\/osm\/icons\/mic_black_heart_01.png\",-16,-41,\"<p><\/p>\") ; \naddControls2Map(map_ol3js_1,0,0,3,0,5,6,7,0,1);\nosm_addPopupClickhandler(map_ol3js_1,  \"map_ol3js_1\"); \nosm_addMouseHover(map_ol3js_1); <\/script><div class=\"fusion-clearfix\"><\/div><\/div><\/div><\/div><\/div><div class=\"fusion-fullwidth fullwidth-box fusion-builder-row-2 nonhundred-percent-fullwidth non-hundred-percent-height-scrolling\" style=\"background-color: #333333;background-position: center center;background-repeat: no-repeat;padding-top:16px;padding-right:0px;padding-bottom:8px;padding-left:0px;margin-bottom: 0px;margin-top: 0px;border-width: 0px 0px 0px 0px;border-color:#e5e4e4;border-style:solid;\" ><div class=\"fusion-builder-row fusion-row\"><div class=\"fusion-layout-column fusion_builder_column fusion-builder-column-2 fusion_builder_column_1_1 1_1 fusion-one-full fusion-column-first fusion-column-last fusion-column-no-min-height\" style=\"margin-top:0px;margin-bottom:0px;\"><div class=\"fusion-column-wrapper fusion-flex-column-wrapper-legacy\" style=\"background-position:left top;background-repeat:no-repeat;-webkit-background-size:cover;-moz-background-size:cover;-o-background-size:cover;background-size:cover;padding: 0px 0px 0px 0px;\"><div class=\"fusion-text fusion-text-3\" style=\"transform:translate3d(0,0,0);\"><h2 style=\"text-align: center;\"><span style=\"color: #99cc00;\">Exp\u00e9rience, accueil et service<\/span><\/h2>\n<p style=\"text-align: center; margin-top: -10px; font-size: 17px !important; line-height: 24px !important;\"><span style=\"color: #999999;\">Notre \u00e9quipe de professionnels motiv\u00e9s et exp\u00e9riment\u00e9s est a votre disposition toute l&rsquo;ann\u00e9e pour vos\u00a0conseils de sant\u00e9, de beaut\u00e9 mais aussi\u00a0pour vous accompagner dans vos d\u00e9marches administratives<\/span><\/p>\n<h2 style=\"text-align: center;\"><span style=\"color: #999999;\">Avenue de Verdun \u00e0 Eze village<br \/>\nT\u00e9l\u00e9phone +33 (0) 493 410 617 &#8211; Fax +33 (0) 492 108 720<\/span><br \/>\n<span style=\"color: #808080;\"><span style=\"color: #999999;\"> email<\/span> <\/span><span style=\"color: #99cc00;\"><a style=\"color: #99cc00;\" title=\"contact\" href=\"http:\/\/pharmaciedelaigle.fr\/?page_id=11229\">contact@pharmaciedelaigle.fr<\/a><\/span><\/h2>\n<\/div><div class=\"fusion-clearfix\"><\/div><\/div><\/div><\/div><\/div><div class=\"fusion-fullwidth fullwidth-box fusion-builder-row-3 nonhundred-percent-fullwidth non-hundred-percent-height-scrolling\" style=\"background-color: rgba(255,255,255,0);background-position: left top;background-repeat: no-repeat;padding-top:8px;padding-right:0px;padding-bottom:8px;padding-left:0px;margin-bottom: 0px;margin-top: 0px;border-width: 1px 0px 1px 0px;border-color:#c6c6c6;border-style:solid;\" ><div class=\"fusion-builder-row fusion-row\"><div class=\"fusion-layout-column fusion_builder_column fusion-builder-column-3 fusion_builder_column_3_5 3_5 fusion-three-fifth fusion-column-first\" style=\"width:58.4%; margin-right: 4%;margin-top:0px;margin-bottom:20px;\"><div class=\"fusion-column-wrapper fusion-flex-column-wrapper-legacy\" style=\"background-position:left top;background-repeat:no-repeat;-webkit-background-size:cover;-moz-background-size:cover;-o-background-size:cover;background-size:cover;padding: 0px 0px 0px 0px;\"><div class=\"fusion-image-carousel fusion-image-carousel-fixed lightbox-enabled fusion-carousel-border\"><div class=\"fusion-carousel\" data-autoplay=\"no\" data-columns=\"5\" data-itemmargin=\"13\" data-itemwidth=\"180\" data-touchscroll=\"no\" data-imagesize=\"fixed\"><div class=\"fusion-carousel-positioner\"><ul class=\"fusion-carousel-holder\"><li class=\"fusion-carousel-item\"><div class=\"fusion-carousel-item-wrapper\"><div class=\"fusion-image-wrapper hover-type-none\"><a data-rel=\"iLightbox[image_carousel_1]\" href=\"http:\/\/pharmaciedelaigle.fr\/wp-content\/uploads\/2014\/11\/jardin-exotique-eze-village-300x225.jpg\" target=\"_self\"><img decoding=\"async\" src=\"https:\/\/pharmaciedelaigle.fr\/wp-content\/uploads\/2014\/11\/jardin-exotique-eze-village-300x225.jpg\" alt=\"\"\/><\/a><\/div><\/div><\/li><li class=\"fusion-carousel-item\"><div class=\"fusion-carousel-item-wrapper\"><div class=\"fusion-image-wrapper hover-type-none\"><a data-rel=\"iLightbox[image_carousel_1]\" href=\"http:\/\/pharmaciedelaigle.fr\/wp-content\/uploads\/2014\/11\/eze-de-nuit-300x199.jpg\" target=\"_self\"><img decoding=\"async\" src=\"https:\/\/pharmaciedelaigle.fr\/wp-content\/uploads\/2014\/11\/eze-de-nuit-300x199.jpg\" alt=\"\"\/><\/a><\/div><\/div><\/li><li class=\"fusion-carousel-item\"><div class=\"fusion-carousel-item-wrapper\"><div class=\"fusion-image-wrapper hover-type-none\"><a data-rel=\"iLightbox[image_carousel_1]\" href=\"http:\/\/pharmaciedelaigle.fr\/wp-content\/uploads\/2014\/11\/eze-300x200.jpg\" target=\"_self\"><img decoding=\"async\" src=\"https:\/\/pharmaciedelaigle.fr\/wp-content\/uploads\/2014\/11\/eze-300x200.jpg\" alt=\"\"\/><\/a><\/div><\/div><\/li><li class=\"fusion-carousel-item\"><div class=\"fusion-carousel-item-wrapper\"><div class=\"fusion-image-wrapper hover-type-none\"><a data-rel=\"iLightbox[image_carousel_1]\" href=\"http:\/\/pharmaciedelaigle.fr\/wp-content\/uploads\/2014\/11\/Eze_viewed_from_Grand_Corniche-300x182.jpg\" target=\"_self\"><img decoding=\"async\" src=\"https:\/\/pharmaciedelaigle.fr\/wp-content\/uploads\/2014\/11\/Eze_viewed_from_Grand_Corniche-300x182.jpg\" alt=\"\"\/><\/a><\/div><\/div><\/li><\/ul><div class=\"fusion-carousel-nav\"><span class=\"fusion-nav-prev\"><\/span><span class=\"fusion-nav-next\"><\/span><\/div><\/div><\/div><\/div><div class=\"fusion-clearfix\"><\/div><\/div><\/div><div class=\"fusion-layout-column fusion_builder_column fusion-builder-column-4 fusion_builder_column_2_5 2_5 fusion-two-fifth fusion-column-last\" style=\"width:37.6%;margin-top:0px;margin-bottom:20px;\"><div class=\"fusion-column-wrapper fusion-flex-column-wrapper-legacy\" style=\"background-position:left top;background-repeat:no-repeat;-webkit-background-size:cover;-moz-background-size:cover;-o-background-size:cover;background-size:cover;padding: 0px 0px 0px 0px;\"><div class=\"fusion-text fusion-text-4\" style=\"transform:translate3d(0,0,0);\"><h1 style=\"font-size: 30px !important; text-align: center;\">Un cadre exceptionnel<\/h1>\n<p style=\"margin-top: -10px; font-size: 17px !important; line-height: 24px !important; text-align: center;\">La pharmacie est nich\u00e9e au pied d&rsquo;Eze village, splendide relique du moyen-age au c\u0153ur de la cote d&rsquo;azur, haut lieu d&rsquo;art et de gastronomie. Le sommet abrite un jardin exotique mais surtout donne acc\u00e8s \u00e0 l&rsquo;un des plus beaux\u00a0panorama au monde.<\/p>\n<\/div><div class=\"fusion-clearfix\"><\/div><\/div><\/div><\/div><\/div><\/p>\n","protected":false},"excerpt":{"rendered":"","protected":false},"author":1,"featured_media":0,"parent":0,"menu_order":0,"comment_status":"closed","ping_status":"closed","template":"100-width.php","meta":{"_exactmetrics_skip_tracking":false,"_exactmetrics_sitenote_active":false,"_exactmetrics_sitenote_note":"","_exactmetrics_sitenote_category":0,"footnotes":""},"class_list":["post-10709","page","type-page","status-publish","hentry"],"_links":{"self":[{"href":"https:\/\/pharmaciedelaigle.fr\/index.php?rest_route=\/wp\/v2\/pages\/10709","targetHints":{"allow":["GET"]}}],"collection":[{"href":"https:\/\/pharmaciedelaigle.fr\/index.php?rest_route=\/wp\/v2\/pages"}],"about":[{"href":"https:\/\/pharmaciedelaigle.fr\/index.php?rest_route=\/wp\/v2\/types\/page"}],"author":[{"embeddable":true,"href":"https:\/\/pharmaciedelaigle.fr\/index.php?rest_route=\/wp\/v2\/users\/1"}],"replies":[{"embeddable":true,"href":"https:\/\/pharmaciedelaigle.fr\/index.php?rest_route=%2Fwp%2Fv2%2Fcomments&post=10709"}],"version-history":[{"count":56,"href":"https:\/\/pharmaciedelaigle.fr\/index.php?rest_route=\/wp\/v2\/pages\/10709\/revisions"}],"predecessor-version":[{"id":11248,"href":"https:\/\/pharmaciedelaigle.fr\/index.php?rest_route=\/wp\/v2\/pages\/10709\/revisions\/11248"}],"wp:attachment":[{"href":"https:\/\/pharmaciedelaigle.fr\/index.php?rest_route=%2Fwp%2Fv2%2Fmedia&parent=10709"}],"curies":[{"name":"wp","href":"https:\/\/api.w.org\/{rel}","templated":true}]}}